{"id":743,"date":"2016-09-16T13:47:28","date_gmt":"2016-09-16T13:47:28","guid":{"rendered":"http:\/\/pv.paulgilmore.net\/?page_id=743"},"modified":"2020-07-29T19:10:54","modified_gmt":"2020-07-29T17:10:54","slug":"umsetzung","status":"publish","type":"page","link":"https:\/\/www.luco.at\/WP\/umsetzung\/","title":{"rendered":"Umsetzung"},"content":{"rendered":"<div class=\"wpb-content-wrapper\">[mk_page_section bg_image=&#8220;https:\/\/luco.at\/WP\/wp-content\/uploads\/2016\/09\/web_luco_umsetzung.jpg&#8220; bg_position=&#8220;center top&#8220; bg_repeat=&#8220;no-repeat&#8220; bg_stretch=&#8220;true&#8220; enable_3d=&#8220;true&#8220; bg_gradient=&#8220;vertical&#8220; video_color_mask=&#8220;#2a363b&#8220; gr_end=&#8220;#2e2a3b&#8220; video_opacity=&#8220;0.7&#8243; min_height=&#8220;500&#8243; js_vertical_centered=&#8220;true&#8220; padding_top=&#8220;0&#8243; sidebar=&#8220;sidebar-1&#8243;][vc_column][mk_fancy_title tag_name=&#8220;h1&#8243; color=&#8220;#ffffff&#8220; size=&#8220;60&#8243; force_font_size=&#8220;true&#8220; size_tablet=&#8220;40&#8243; size_phone=&#8220;30&#8243; font_weight=&#8220;300&#8243; letter_spacing=&#8220;2&#8243; font_family=&#8220;Lato&#8220; font_type=&#8220;google&#8220; align=&#8220;center&#8220;]UMSETZUNG<span style=\"color: #99ca3b;\">.<\/span>[\/mk_fancy_title][\/vc_column][\/mk_page_section][vc_row fullwidth=&#8220;true&#8220;][vc_column][mk_divider style=&#8220;thin_solid&#8220; thin_color_style=&#8220;gradient_color&#8220; thin_grandient_color_from=&#8220;#99ca3b&#8220; thin_grandient_color_to=&#8220;#578425&#8243; thin_gradient_color_angle=&#8220;horizontal&#8220; thin_grandient_color_fallback=&#8220;#789e2d&#8220; thickness=&#8220;10&#8243; margin_top=&#8220;0&#8243; margin_bottom=&#8220;80&#8243;][\/vc_column][\/vc_row][vc_row][vc_column][mk_fancy_title tag_name=&#8220;h4&#8243; color=&#8220;#789e2d&#8220; size=&#8220;40&#8243; force_font_size=&#8220;true&#8220; size_smallscreen=&#8220;40&#8243; size_tablet=&#8220;30&#8243; size_phone=&#8220;24&#8243; line_height=&#8220;120&#8243; font_weight=&#8220;300&#8243; txt_transform=&#8220;none&#8220; letter_spacing=&#8220;2&#8243; font_family=&#8220;Lato&#8220; font_type=&#8220;google&#8220;]Audits[\/mk_fancy_title][vc_column_text]\n<p style=\"text-align: justify;\">Wir \u00fcberpr\u00fcfen die betriebliche Organisation und entwickeln Ma\u00dfnahmen zur Optimierung Ihrer Prozesse und Kosten.<br \/>\nWir erstellen Lastenhefte, komplette Ausschreibungsungsunterlagen und Gutachten.<\/p>\n[\/vc_column_text][\/vc_column][\/vc_row][vc_row][vc_column][mk_divider style=&#8220;thin_solid&#8220; thin_color_style=&#8220;gradient_color&#8220; thin_grandient_color_from=&#8220;#99ca3b&#8220; thin_grandient_color_to=&#8220;#578425&#8243; thin_gradient_color_angle=&#8220;horizontal&#8220; thin_grandient_color_fallback=&#8220;#789e2d&#8220; margin_top=&#8220;40&#8243; margin_bottom=&#8220;40&#8243;][\/vc_column][\/vc_row][vc_row][vc_column][mk_fancy_title tag_name=&#8220;h4&#8243; color=&#8220;#789e2d&#8220; size=&#8220;40&#8243; force_font_size=&#8220;true&#8220; size_smallscreen=&#8220;40&#8243; size_tablet=&#8220;30&#8243; size_phone=&#8220;24&#8243; line_height=&#8220;120&#8243; font_weight=&#8220;300&#8243; txt_transform=&#8220;none&#8220; letter_spacing=&#8220;2&#8243; font_family=&#8220;Lato&#8220; font_type=&#8220;google&#8220;]Inbetriebnahme neuer Anlagen[\/mk_fancy_title][vc_column_text]\n<p style=\"text-align: justify;\">Hauptaufgabe der Inbetriebnahmen ist es, die neue Anlage fachkundig und zielorientiert nutzen zu k\u00f6nnen.<br \/>\nGleichzeitig dient es uns als Best\u00e4tigung und \u00dcberpr\u00fcfung unserer gemeinsamen Arbeit. Selbstverst\u00e4ndlich sind wir hier mit dabei!<\/p>\n[\/vc_column_text][\/vc_column][\/vc_row][vc_row][vc_column][mk_divider style=&#8220;thin_solid&#8220; thin_color_style=&#8220;gradient_color&#8220; thin_grandient_color_from=&#8220;#99ca3b&#8220; thin_grandient_color_to=&#8220;#578425&#8243; thin_gradient_color_angle=&#8220;horizontal&#8220; thin_grandient_color_fallback=&#8220;#789e2d&#8220; margin_top=&#8220;40&#8243; margin_bottom=&#8220;40&#8243;][\/vc_column][\/vc_row][vc_row][vc_column][mk_fancy_title tag_name=&#8220;h4&#8243; color=&#8220;#789e2d&#8220; size=&#8220;40&#8243; force_font_size=&#8220;true&#8220; size_smallscreen=&#8220;40&#8243; size_tablet=&#8220;30&#8243; size_phone=&#8220;24&#8243; line_height=&#8220;120&#8243; font_weight=&#8220;300&#8243; txt_transform=&#8220;none&#8220; letter_spacing=&#8220;2&#8243; font_family=&#8220;Lato&#8220; font_type=&#8220;google&#8220;]Coaching, Training und Weiterbildung[\/mk_fancy_title][vc_column_text]\n<p style=\"text-align: justify;\">Fachspezifische Weiterbildungen der Mitarbeiter sind unerl\u00e4sslich f\u00fcr fortw\u00e4hrenden Erfolg. Wir bieten Seminare, Workshops vor Ort oder Remote.<\/p>\n[\/vc_column_text][\/vc_column][\/vc_row][vc_row][vc_column][mk_divider style=&#8220;thin_solid&#8220; thin_color_style=&#8220;gradient_color&#8220; thin_grandient_color_from=&#8220;#99ca3b&#8220; thin_grandient_color_to=&#8220;#578425&#8243; thin_gradient_color_angle=&#8220;horizontal&#8220; thin_grandient_color_fallback=&#8220;#789e2d&#8220; margin_top=&#8220;40&#8243; margin_bottom=&#8220;40&#8243;][\/vc_column][\/vc_row][vc_row][vc_column][mk_fancy_title tag_name=&#8220;h4&#8243; color=&#8220;#789e2d&#8220; size=&#8220;40&#8243; force_font_size=&#8220;true&#8220; size_smallscreen=&#8220;40&#8243; size_tablet=&#8220;30&#8243; size_phone=&#8220;24&#8243; line_height=&#8220;120&#8243; font_weight=&#8220;300&#8243; txt_transform=&#8220;none&#8220; letter_spacing=&#8220;2&#8243; font_family=&#8220;Lato&#8220; font_type=&#8220;google&#8220;]Verkaufs- und Vertriebsunterst\u00fctzung[\/mk_fancy_title][vc_column_text]\n<p style=\"text-align: justify;\">Wir unterst\u00fctzen Sie bei der Er\u00f6ffnung oder Optimierung, bei der Einf\u00fchrung neuer oder \u00c4nderung bestehender Produkte. Leicht verst\u00e4ndliche, \u00fcbersichtliche Checklisten aus der Praxis und detaillierte anwenderfreundliche Beschreibungen schaffen Kompetenz und Sicherheit.<\/p>\n[\/vc_column_text][\/vc_column][\/vc_row][vc_row][vc_column][mk_padding_divider size=&#8220;70&#8243;][\/vc_column][\/vc_row][vc_row fullwidth=&#8220;true&#8220;][vc_column][mk_divider style=&#8220;thin_solid&#8220; thin_color_style=&#8220;gradient_color&#8220; thin_grandient_color_from=&#8220;#99ca3b&#8220; thin_grandient_color_to=&#8220;#578425&#8243; thin_gradient_color_angle=&#8220;horizontal&#8220; thin_grandient_color_fallback=&#8220;#789e2d&#8220; thickness=&#8220;10&#8243; margin_top=&#8220;0&#8243; margin_bottom=&#8220;0&#8243;][\/vc_column][\/vc_row][mk_page_section bg_image=&#8220;https:\/\/luco.at\/WP\/wp-content\/uploads\/2016\/03\/luco_2282.jpg&#8220; bg_color=&#8220;#28195f&#8220; blend_mode=&#8220;multiply&#8220; bg_position=&#8220;center top&#8220; bg_repeat=&#8220;no-repeat&#8220; bg_stretch=&#8220;true&#8220; enable_3d=&#8220;true&#8220; video_loop=&#8220;false&#8220; video_opacity=&#8220;0.3&#8243; min_height=&#8220;700&#8243; full_width=&#8220;true&#8220; padding_top=&#8220;80&#8243; padding_bottom=&#8220;100&#8243; top_shape_color=&#8220;#ffffff&#8220; bottom_shape_color=&#8220;#ffffff&#8220; sidebar=&#8220;sidebar-1&#8243;][vc_column][mk_fancy_title color=&#8220;#ffffff&#8220; size=&#8220;60&#8243; force_font_size=&#8220;true&#8220; size_phone=&#8220;40&#8243; font_weight=&#8220;100&#8243; txt_transform=&#8220;none&#8220; margin_top=&#8220;&#8220; font_family=&#8220;none&#8220; align=&#8220;center&#8220;]Kontaktieren Sie uns[\/mk_fancy_title][vc_column_text disable_pattern=&#8220;false&#8220; align=&#8220;center&#8220;]Innovative L\u00f6sungen f\u00fcr Ihr Unternehmen[\/vc_column_text][mk_button_gradient dimension=&#8220;flat&#8220; size=&#8220;large&#8220; corner_style=&#8220;full_rounded&#8220; grandient_color_from=&#8220;#99ca3b&#8220; grandient_color_to=&#8220;#578425&#8243; grandient_color_angle=&#8220;horizontal&#8220; grandient_color_fallback=&#8220;#789e2d&#8220; url=&#8220;https:\/\/luco.at\/WP\/contact-us\/&#8220; align=&#8220;center&#8220; button_custom_width=&#8220;220&#8243; margin_top=&#8220;60&#8243; margin_bottom=&#8220;30&#8243;]IN KONTAKT TRETEN[\/mk_button_gradient][\/vc_column][\/mk_page_section]\n<\/div>","protected":false},"excerpt":{"rendered":"<p>[mk_page_section bg_image=&#8220;https:\/\/luco.at\/WP\/wp-content\/uploads\/2016\/09\/web_luco_umsetzung.jpg&#8220; bg_position=&#8220;center top&#8220; bg_repeat=&#8220;no-repeat&#8220; bg_stretch=&#8220;true&#8220; enable_3d=&#8220;true&#8220; bg_gradient=&#8220;vertical&#8220; video_color_mask=&#8220;#2a363b&#8220; gr_end=&#8220;#2e2a3b&#8220; video_opacity=&#8220;0.7&#8243; min_height=&#8220;500&#8243; js_vertical_centered=&#8220;true&#8220; padding_top=&#8220;0&#8243; sidebar=&#8220;sidebar-1&#8243;][vc_column][mk_fancy_title tag_name=&#8220;h1&#8243; color=&#8220;#ffffff&#8220; size=&#8220;60&#8243; force_font_size=&#8220;true&#8220; size_tablet=&#8220;40&#8243; size_phone=&#8220;30&#8243; font_weight=&#8220;300&#8243; letter_spacing=&#8220;2&#8243; font_family=&#8220;Lato&#8220; font_type=&#8220;google&#8220; align=&#8220;center&#8220;]UMSETZUNG.[\/mk_fancy_title][\/vc_column][\/mk_page_section][vc_row fullwidth=&#8220;true&#8220;][vc_column][mk_divider style=&#8220;thin_solid&#8220; thin_color_style=&#8220;gradient_color&#8220; thin_grandient_color_from=&#8220;#99ca3b&#8220; thin_grandient_color_to=&#8220;#578425&#8243; thin_gradient_color_angle=&#8220;horizontal&#8220; thin_grandient_color_fallback=&#8220;#789e2d&#8220; thickness=&#8220;10&#8243; margin_top=&#8220;0&#8243; margin_bottom=&#8220;80&#8243;][\/vc_column][\/vc_row][vc_row][vc_column][mk_fancy_title tag_name=&#8220;h4&#8243; color=&#8220;#789e2d&#8220; size=&#8220;40&#8243; force_font_size=&#8220;true&#8220; size_smallscreen=&#8220;40&#8243; size_tablet=&#8220;30&#8243; size_phone=&#8220;24&#8243; line_height=&#8220;120&#8243; font_weight=&#8220;300&#8243; txt_transform=&#8220;none&#8220; letter_spacing=&#8220;2&#8243; font_family=&#8220;Lato&#8220; font_type=&#8220;google&#8220;]Audits[\/mk_fancy_title][vc_column_text] Wir \u00fcberpr\u00fcfen die betriebliche Organisation und [&hellip;]<\/p>\n","protected":false},"author":1,"featured_media":0,"parent":0,"menu_order":0,"comment_status":"closed","ping_status":"closed","template":"","meta":{"footnotes":""},"_links":{"self":[{"href":"https:\/\/www.luco.at\/WP\/wp-json\/wp\/v2\/pages\/743"}],"collection":[{"href":"https:\/\/www.luco.at\/WP\/wp-json\/wp\/v2\/pages"}],"about":[{"href":"https:\/\/www.luco.at\/WP\/wp-json\/wp\/v2\/types\/page"}],"author":[{"embeddable":true,"href":"https:\/\/www.luco.at\/WP\/wp-json\/wp\/v2\/users\/1"}],"replies":[{"embeddable":true,"href":"https:\/\/www.luco.at\/WP\/wp-json\/wp\/v2\/comments?post=743"}],"version-history":[{"count":15,"href":"https:\/\/www.luco.at\/WP\/wp-json\/wp\/v2\/pages\/743\/revisions"}],"predecessor-version":[{"id":1638,"href":"https:\/\/www.luco.at\/WP\/wp-json\/wp\/v2\/pages\/743\/revisions\/1638"}],"wp:attachment":[{"href":"https:\/\/www.luco.at\/WP\/wp-json\/wp\/v2\/media?parent=743"}],"curies":[{"name":"wp","href":"https:\/\/api.w.org\/{rel}","templated":true}]}}