{"id":540,"date":"2016-07-06T16:19:49","date_gmt":"2016-07-06T16:19:49","guid":{"rendered":"http:\/\/pv.paulgilmore.net\/?page_id=540"},"modified":"2023-08-18T15:30:03","modified_gmt":"2023-08-18T13:30:03","slug":"planning","status":"publish","type":"page","link":"https:\/\/www.luco.at\/WP\/planning\/","title":{"rendered":"Planung"},"content":{"rendered":"<div class=\"wpb-content-wrapper\">[mk_page_section bg_image=&#8220;https:\/\/www.luco.at\/WP\/wp-content\/uploads\/2023\/08\/7b9a1317-edit1.jpg&#8220; bg_image_portrait=&#8220;https:\/\/www.luco.at\/WP\/wp-content\/uploads\/2023\/08\/7b9a1317-edit2.jpg&#8220; bg_position=&#8220;center top&#8220; bg_repeat=&#8220;no-repeat&#8220; bg_stretch=&#8220;true&#8220; enable_3d=&#8220;true&#8220; bg_gradient=&#8220;vertical&#8220; video_color_mask=&#8220;#2a363b&#8220; gr_end=&#8220;#2e2a3b&#8220; video_opacity=&#8220;0.7&#8243; min_height=&#8220;500&#8243; js_vertical_centered=&#8220;true&#8220; padding_top=&#8220;0&#8243; sidebar=&#8220;sidebar-1&#8243;][vc_column][mk_fancy_title tag_name=&#8220;h1&#8243; color=&#8220;#ffffff&#8220; size=&#8220;60&#8243; force_font_size=&#8220;true&#8220; size_tablet=&#8220;40&#8243; size_phone=&#8220;30&#8243; font_weight=&#8220;300&#8243; letter_spacing=&#8220;2&#8243; font_family=&#8220;Lato&#8220; font_type=&#8220;google&#8220; align=&#8220;center&#8220;]PLANUNG<span style=\"color: #99ca3b;\">.<\/span>[\/mk_fancy_title][\/vc_column][\/mk_page_section][vc_row fullwidth=&#8220;true&#8220;][vc_column][mk_divider style=&#8220;thin_solid&#8220; thin_color_style=&#8220;gradient_color&#8220; thin_grandient_color_from=&#8220;#99ca3b&#8220; thin_grandient_color_to=&#8220;#578425&#8243; thin_gradient_color_angle=&#8220;horizontal&#8220; thin_grandient_color_fallback=&#8220;#789e2d&#8220; thickness=&#8220;10&#8243; margin_top=&#8220;0&#8243; margin_bottom=&#8220;80&#8243;][\/vc_column][\/vc_row][vc_row][vc_column][mk_fancy_title tag_name=&#8220;h4&#8243; color=&#8220;#789e2d&#8220; size=&#8220;40&#8243; force_font_size=&#8220;true&#8220; size_smallscreen=&#8220;40&#8243; size_tablet=&#8220;30&#8243; size_phone=&#8220;24&#8243; line_height=&#8220;120&#8243; font_weight=&#8220;300&#8243; txt_transform=&#8220;none&#8220; letter_spacing=&#8220;2&#8243; font_family=&#8220;Lato&#8220; font_type=&#8220;google&#8220;]Prozessplanung[\/mk_fancy_title][vc_column_text]\n<p style=\"text-align: justify;\">Wir erabeiten und definieren die relevante Leistungsindikatoren. Haupziele sind die Planung und Optimierung Ihres Warenflusses und Ihrer Betriebsprozesse! Im Zentrum stehen dabei die Maximierung Ihrer Produktionsleistung, sowie die Sicherheit in Ihren Produktionsst\u00e4tten.<\/p>\n[\/vc_column_text][\/vc_column][\/vc_row][vc_row][vc_column][mk_divider style=&#8220;thin_solid&#8220; thin_color_style=&#8220;gradient_color&#8220; thin_grandient_color_from=&#8220;#99ca3b&#8220; thin_grandient_color_to=&#8220;#578425&#8243; thin_gradient_color_angle=&#8220;horizontal&#8220; thin_grandient_color_fallback=&#8220;#789e2d&#8220; margin_top=&#8220;40&#8243; margin_bottom=&#8220;40&#8243;][\/vc_column][\/vc_row][vc_row][vc_column][mk_fancy_title tag_name=&#8220;h4&#8243; color=&#8220;#789e2d&#8220; size=&#8220;40&#8243; force_font_size=&#8220;true&#8220; size_smallscreen=&#8220;40&#8243; size_tablet=&#8220;30&#8243; size_phone=&#8220;24&#8243; line_height=&#8220;120&#8243; font_weight=&#8220;300&#8243; txt_transform=&#8220;none&#8220; letter_spacing=&#8220;2&#8243; font_family=&#8220;Lato&#8220; font_type=&#8220;google&#8220;]Projektplanung und Projektausarbeitung[\/mk_fancy_title][vc_column_text]\n<p style=\"text-align: justify;\">Unsere Beratungsleistung beinhaltet die Ausarbeitung von Warenfl\u00fcssen, Prozesssteuerungen, Automatisierungsl\u00f6sungen, Linien- und Verbundkonzepten, Layout-Darstellungen und Logistikplanungen. Wir begleiten sie dabei w\u00e4hrend des gesamten Projekts: Von der Planung und Baubegleitung, \u00fcber die Maschinenplanung sowie bei der Verhandlung mit Lieferanten, Implementierung der Anlagen bis hin zur Finalisierung und Inbetriebnahme ganzer Produktionslinien in Ihrem (neuen) Betrieb.<\/p>\n[\/vc_column_text][\/vc_column][\/vc_row][vc_row][vc_column][mk_divider style=&#8220;thin_solid&#8220; thin_color_style=&#8220;gradient_color&#8220; thin_grandient_color_from=&#8220;#99ca3b&#8220; thin_grandient_color_to=&#8220;#578425&#8243; thin_gradient_color_angle=&#8220;horizontal&#8220; thin_grandient_color_fallback=&#8220;#789e2d&#8220; margin_top=&#8220;40&#8243; margin_bottom=&#8220;40&#8243;][\/vc_column][\/vc_row][vc_row][vc_column][mk_fancy_title tag_name=&#8220;h4&#8243; color=&#8220;#789e2d&#8220; size=&#8220;40&#8243; force_font_size=&#8220;true&#8220; size_smallscreen=&#8220;40&#8243; size_tablet=&#8220;30&#8243; size_phone=&#8220;24&#8243; line_height=&#8220;120&#8243; font_weight=&#8220;300&#8243; txt_transform=&#8220;none&#8220; letter_spacing=&#8220;2&#8243; font_family=&#8220;Lato&#8220; font_type=&#8220;google&#8220;]\n<p class=\"western\">Automatisierungsl\u00f6sungen<\/p>\n[\/mk_fancy_title][vc_column_text]\n<p style=\"text-align: justify;\">Wir beraten Sie bei der Neuerrichtung oder bei der Modernisierung bestehender Anlagen. Wir entwickeln \u00a0Machbarkeitsstudien und erstellen dem Produktionsbetrieb angepasste Warenflussdiagramme.<\/p>\n[\/vc_column_text][\/vc_column][\/vc_row][vc_row][vc_column][mk_divider style=&#8220;thin_solid&#8220; thin_color_style=&#8220;gradient_color&#8220; thin_grandient_color_from=&#8220;#99ca3b&#8220; thin_grandient_color_to=&#8220;#578425&#8243; thin_gradient_color_angle=&#8220;horizontal&#8220; thin_grandient_color_fallback=&#8220;#789e2d&#8220; margin_top=&#8220;40&#8243; margin_bottom=&#8220;40&#8243;][\/vc_column][\/vc_row][vc_row][vc_column][mk_fancy_title tag_name=&#8220;h4&#8243; color=&#8220;#789e2d&#8220; size=&#8220;40&#8243; force_font_size=&#8220;true&#8220; size_smallscreen=&#8220;40&#8243; size_tablet=&#8220;30&#8243; size_phone=&#8220;24&#8243; line_height=&#8220;120&#8243; font_weight=&#8220;300&#8243; txt_transform=&#8220;none&#8220; letter_spacing=&#8220;2&#8243; font_family=&#8220;Lato&#8220; font_type=&#8220;google&#8220;]\n<p class=\"western\">Konzeption von Frischeabteilungen<\/p>\n[\/mk_fancy_title][vc_column_text]\n<p style=\"text-align: justify;\">Der Planungsansatz umfasst das gesamte Ladenlayout, das Beleuchtungs- und Hygienemanagement.<\/p>\n[\/vc_column_text][\/vc_column][\/vc_row][vc_row][vc_column][mk_padding_divider size=&#8220;70&#8243;][\/vc_column][\/vc_row][vc_row fullwidth=&#8220;true&#8220;][vc_column][mk_divider style=&#8220;thin_solid&#8220; thin_color_style=&#8220;gradient_color&#8220; thin_grandient_color_from=&#8220;#99ca3b&#8220; thin_grandient_color_to=&#8220;#578425&#8243; thin_gradient_color_angle=&#8220;horizontal&#8220; thin_grandient_color_fallback=&#8220;#789e2d&#8220; thickness=&#8220;10&#8243; margin_top=&#8220;0&#8243; margin_bottom=&#8220;0&#8243;][\/vc_column][\/vc_row][mk_page_section bg_image=&#8220;https:\/\/luco.at\/WP\/wp-content\/uploads\/2016\/03\/luco_2282.jpg&#8220; bg_color=&#8220;#28195f&#8220; blend_mode=&#8220;multiply&#8220; attachment=&#8220;fixed&#8220; bg_position=&#8220;center top&#8220; bg_repeat=&#8220;no-repeat&#8220; bg_stretch=&#8220;true&#8220; enable_3d=&#8220;true&#8220; video_opacity=&#8220;0.3&#8243; min_height=&#8220;700&#8243; full_width=&#8220;true&#8220; padding_top=&#8220;80&#8243; padding_bottom=&#8220;100&#8243; top_shape_color=&#8220;#ffffff&#8220; bottom_shape_color=&#8220;#ffffff&#8220; sidebar=&#8220;sidebar-1&#8243;][vc_column][mk_fancy_title color=&#8220;#ffffff&#8220; size=&#8220;60&#8243; force_font_size=&#8220;true&#8220; size_phone=&#8220;40&#8243; font_weight=&#8220;100&#8243; txt_transform=&#8220;none&#8220; margin_top=&#8220;&#8220; font_family=&#8220;none&#8220; align=&#8220;center&#8220;]Kontaktieren Sie uns[\/mk_fancy_title][vc_column_text disable_pattern=&#8220;false&#8220; align=&#8220;center&#8220;]Innovative L\u00f6sungen f\u00fcr Ihr Unternehmen[\/vc_column_text][mk_button_gradient dimension=&#8220;flat&#8220; size=&#8220;large&#8220; corner_style=&#8220;full_rounded&#8220; grandient_color_from=&#8220;#99ca3b&#8220; grandient_color_to=&#8220;#578425&#8243; grandient_color_angle=&#8220;horizontal&#8220; grandient_color_fallback=&#8220;#789e2d&#8220; url=&#8220;https:\/\/luco.at\/WP\/contact-us\/&#8220; align=&#8220;center&#8220; button_custom_width=&#8220;220&#8243; margin_top=&#8220;60&#8243; margin_bottom=&#8220;30&#8243;]IN KONTAKT TRETEN[\/mk_button_gradient][\/vc_column][\/mk_page_section]\n<\/div>","protected":false},"excerpt":{"rendered":"<p>[mk_page_section bg_image=&#8220;https:\/\/www.luco.at\/WP\/wp-content\/uploads\/2023\/08\/7b9a1317-edit1.jpg&#8220; bg_image_portrait=&#8220;https:\/\/www.luco.at\/WP\/wp-content\/uploads\/2023\/08\/7b9a1317-edit2.jpg&#8220; bg_position=&#8220;center top&#8220; bg_repeat=&#8220;no-repeat&#8220; bg_stretch=&#8220;true&#8220; enable_3d=&#8220;true&#8220; bg_gradient=&#8220;vertical&#8220; video_color_mask=&#8220;#2a363b&#8220; gr_end=&#8220;#2e2a3b&#8220; video_opacity=&#8220;0.7&#8243; min_height=&#8220;500&#8243; js_vertical_centered=&#8220;true&#8220; padding_top=&#8220;0&#8243; sidebar=&#8220;sidebar-1&#8243;][vc_column][mk_fancy_title tag_name=&#8220;h1&#8243; color=&#8220;#ffffff&#8220; size=&#8220;60&#8243; force_font_size=&#8220;true&#8220; size_tablet=&#8220;40&#8243; size_phone=&#8220;30&#8243; font_weight=&#8220;300&#8243; letter_spacing=&#8220;2&#8243; font_family=&#8220;Lato&#8220; font_type=&#8220;google&#8220; align=&#8220;center&#8220;]PLANUNG.[\/mk_fancy_title][\/vc_column][\/mk_page_section][vc_row fullwidth=&#8220;true&#8220;][vc_column][mk_divider style=&#8220;thin_solid&#8220; thin_color_style=&#8220;gradient_color&#8220; thin_grandient_color_from=&#8220;#99ca3b&#8220; thin_grandient_color_to=&#8220;#578425&#8243; thin_gradient_color_angle=&#8220;horizontal&#8220; thin_grandient_color_fallback=&#8220;#789e2d&#8220; thickness=&#8220;10&#8243; margin_top=&#8220;0&#8243; margin_bottom=&#8220;80&#8243;][\/vc_column][\/vc_row][vc_row][vc_column][mk_fancy_title tag_name=&#8220;h4&#8243; color=&#8220;#789e2d&#8220; size=&#8220;40&#8243; force_font_size=&#8220;true&#8220; size_smallscreen=&#8220;40&#8243; size_tablet=&#8220;30&#8243; size_phone=&#8220;24&#8243; line_height=&#8220;120&#8243; font_weight=&#8220;300&#8243; txt_transform=&#8220;none&#8220; letter_spacing=&#8220;2&#8243; font_family=&#8220;Lato&#8220; font_type=&#8220;google&#8220;]Prozessplanung[\/mk_fancy_title][vc_column_text] Wir erabeiten und definieren die [&hellip;]<\/p>\n","protected":false},"author":1,"featured_media":0,"parent":0,"menu_order":0,"comment_status":"closed","ping_status":"closed","template":"","meta":{"footnotes":""},"_links":{"self":[{"href":"https:\/\/www.luco.at\/WP\/wp-json\/wp\/v2\/pages\/540"}],"collection":[{"href":"https:\/\/www.luco.at\/WP\/wp-json\/wp\/v2\/pages"}],"about":[{"href":"https:\/\/www.luco.at\/WP\/wp-json\/wp\/v2\/types\/page"}],"author":[{"embeddable":true,"href":"https:\/\/www.luco.at\/WP\/wp-json\/wp\/v2\/users\/1"}],"replies":[{"embeddable":true,"href":"https:\/\/www.luco.at\/WP\/wp-json\/wp\/v2\/comments?post=540"}],"version-history":[{"count":18,"href":"https:\/\/www.luco.at\/WP\/wp-json\/wp\/v2\/pages\/540\/revisions"}],"predecessor-version":[{"id":2077,"href":"https:\/\/www.luco.at\/WP\/wp-json\/wp\/v2\/pages\/540\/revisions\/2077"}],"wp:attachment":[{"href":"https:\/\/www.luco.at\/WP\/wp-json\/wp\/v2\/media?parent=540"}],"curies":[{"name":"wp","href":"https:\/\/api.w.org\/{rel}","templated":true}]}}