{"id":254,"date":"2016-03-07T09:38:39","date_gmt":"2016-03-07T09:38:39","guid":{"rendered":"http:\/\/demos.artbees.net\/jupiter5\/epulo\/?page_id=5"},"modified":"2025-09-01T09:48:48","modified_gmt":"2025-09-01T07:48:48","slug":"home","status":"publish","type":"page","link":"https:\/\/www.luco.at\/WP\/","title":{"rendered":"Home"},"content":{"rendered":"<div class=\"wpb-content-wrapper\">[vc_row fullwidth=&#8220;true&#8220;][vc_column][mk_edge_slider first_el=&#8220;true&#8220; swiper_bg=&#8220;#000000&#8243; parallax=&#8220;true&#8220; orderby=&#8220;post__in&#8220; animation_effect=&#8220;zoom&#8220; direction_nav=&#8220;slit&#8220; pagination=&#8220;none&#8220; slides=&#8220;465, 467, 469&#8243;][\/vc_column][\/vc_row][vc_row fullwidth=&#8220;true&#8220;][vc_column][mk_divider style=&#8220;thin_solid&#8220; thin_color_style=&#8220;gradient_color&#8220; thin_grandient_color_from=&#8220;#99ca3b&#8220; thin_grandient_color_to=&#8220;#578425&#8243; thin_gradient_color_angle=&#8220;horizontal&#8220; thin_grandient_color_fallback=&#8220;#789e2d&#8220; thickness=&#8220;10&#8243; margin_top=&#8220;0&#8243; margin_bottom=&#8220;0&#8243;][\/vc_column][\/vc_row][vc_row fullwidth=&#8220;true&#8220; attached=&#8220;true&#8220; visibility=&#8220;visible-dt&#8220;][vc_column width=&#8220;1\/2&#8243;][mk_image src=&#8220;https:\/\/www.luco.at\/WP\/wp-content\/uploads\/2025\/06\/luco-team.jpg&#8220; image_size=&#8220;full&#8220; frame_style=&#8220;single_line&#8220; align=&#8220;center&#8220; margin_bottom=&#8220;0&#8243;][\/vc_column][vc_column width=&#8220;1\/2&#8243; css=&#8220;.vc_custom_1477408811951{padding-top: 30px !important;padding-right: 30px !important;padding-bottom: 30px !important;padding-left: 30px !important;}&#8220;][mk_padding_divider size=&#8220;30&#8243;][mk_fancy_title tag_name=&#8220;h3&#8243; color=&#8220;#578425&#8243; size=&#8220;45&#8243; force_font_size=&#8220;true&#8220; size_smallscreen=&#8220;40&#8243; size_tablet=&#8220;30&#8243; size_phone=&#8220;24&#8243; line_height=&#8220;80&#8243; font_weight=&#8220;300&#8243; txt_transform=&#8220;capitalize&#8220; font_family=&#8220;Lato&#8220; font_type=&#8220;google&#8220;]LukullusConsult GmbH[\/mk_fancy_title][vc_custom_heading text=&#8220;Die LukullusConsult GmbH, kurz LuCo, ist spezialisiert auf die Beratung von Handels- und Produktionsunternehmen im Lebensmittelsektor.<br \/>\nUnsere Kunden profitieren von der jahrelangen Erfahrung unserer Berater im Management erfolgreicher europaweiter Unternehmen.&#8220; font_container=&#8220;tag:p|font_size:18|text_align:left|color:%234c4c4c|line_height:1.7&#8243; google_fonts=&#8220;font_family:Roboto%3A100%2C100italic%2C300%2C300italic%2Cregular%2Citalic%2C500%2C500italic%2C700%2C700italic%2C900%2C900italic|font_style:300%20light%20regular%3A300%3Anormal&#8220;][mk_padding_divider size=&#8220;10&#8243;][vc_row_inner is_fullwidth_content=&#8220;false&#8220;][vc_column_inner width=&#8220;1\/3&#8243; css=&#8220;.vc_custom_1477900945797{margin-right: 0px !important;margin-left: 0px !important;padding-right: 15px !important;}&#8220;][mk_button_gradient dimension=&#8220;flat&#8220; size=&#8220;large&#8220; grandient_color_from=&#8220;#99ca3b&#8220; grandient_color_to=&#8220;#578425&#8243; grandient_color_angle=&#8220;horizontal&#8220; grandient_color_fallback=&#8220;#789e2d&#8220; url=&#8220;https:\/\/www.luco.at\/WP\/about-us\/&#8220; align=&#8220;center&#8220; button_custom_width=&#8220;180&#8243; margin_top=&#8220;20&#8243; margin_right=&#8220;49&#8243;]DAS TEAM [\/mk_button_gradient][\/vc_column_inner][vc_column_inner width=&#8220;1\/3&#8243;][mk_button_gradient dimension=&#8220;flat&#8220; size=&#8220;large&#8220; grandient_color_from=&#8220;#99ca3b&#8220; grandient_color_to=&#8220;#578425&#8243; grandient_color_angle=&#8220;horizontal&#8220; grandient_color_fallback=&#8220;#789e2d&#8220; url=&#8220;https:\/\/www.luco.at\/WP\/about-us\/mission-leitbild\/&#8220; align=&#8220;center&#8220; button_custom_width=&#8220;180&#8243; margin_top=&#8220;20&#8243;]UNSERE MISSION[\/mk_button_gradient][\/vc_column_inner][vc_column_inner width=&#8220;1\/3&#8243;][mk_button_gradient dimension=&#8220;flat&#8220; size=&#8220;large&#8220; grandient_color_from=&#8220;#99ca3b&#8220; grandient_color_to=&#8220;#578425&#8243; grandient_color_angle=&#8220;horizontal&#8220; grandient_color_fallback=&#8220;#789e2d&#8220; url=&#8220;https:\/\/www.luco.at\/WP\/about-us\/mission-leitbild\/&#8220; align=&#8220;center&#8220; button_custom_width=&#8220;180&#8243; margin_top=&#8220;20&#8243;]UNSER LEITBILD[\/mk_button_gradient][\/vc_column_inner][\/vc_row_inner][\/vc_column][\/vc_row][vc_row fullwidth=&#8220;true&#8220; fullwidth_content=&#8220;false&#8220; visibility=&#8220;hidden-dt&#8220;][vc_column visibility=&#8220;hidden-dt&#8220;][mk_image src=&#8220;https:\/\/www.luco.at\/WP\/wp-content\/uploads\/2025\/06\/luco-team.jpg&#8220; image_size=&#8220;full&#8220; svg=&#8220;true&#8220; frame_style=&#8220;single_line&#8220; align=&#8220;center&#8220; margin_bottom=&#8220;0&#8243;][mk_padding_divider][mk_fancy_title tag_name=&#8220;h3&#8243; color=&#8220;#578425&#8243; size=&#8220;45&#8243; force_font_size=&#8220;true&#8220; size_smallscreen=&#8220;40&#8243; size_tablet=&#8220;30&#8243; size_phone=&#8220;24&#8243; line_height=&#8220;80&#8243; font_weight=&#8220;300&#8243; txt_transform=&#8220;capitalize&#8220; margin_bottom=&#8220;0&#8243; font_family=&#8220;Lato&#8220; font_type=&#8220;google&#8220; align=&#8220;center&#8220;]LukullusConsult GmbH[\/mk_fancy_title][vc_custom_heading text=&#8220;Die LukullusConsult GmbH, kurz LuCo, ist spezialisiert auf die Beratung von Handels- und Produktionsunternehmen im Lebensmittelsektor.<br \/>\nUnsere Kunden profitieren von der jahrelangen Erfahrung unsere Berater im Management erfolgreicher europaweiter Unternehmen.&#8220; font_container=&#8220;tag:p|font_size:18|text_align:left|color:%234c4c4c|line_height:1.7&#8243; google_fonts=&#8220;font_family:Roboto%3A100%2C100italic%2C300%2C300italic%2Cregular%2Citalic%2C500%2C500italic%2C700%2C700italic%2C900%2C900italic|font_style:300%20light%20regular%3A300%3Anormal&#8220; css=&#8220;.vc_custom_1596030900977{padding-top: 30px !important;padding-right: 30px !important;padding-bottom: 20px !important;padding-left: 30px !important;}&#8220;][vc_row_inner is_fullwidth_content=&#8220;false&#8220;][vc_column_inner width=&#8220;1\/3&#8243;][mk_button_gradient dimension=&#8220;flat&#8220; size=&#8220;large&#8220; grandient_color_from=&#8220;#99ca3b&#8220; grandient_color_to=&#8220;#578425&#8243; grandient_color_angle=&#8220;horizontal&#8220; grandient_color_fallback=&#8220;#789e2d&#8220; url=&#8220;https:\/\/www.luco.at\/WP\/about-us\/&#8220; align=&#8220;center&#8220; button_custom_width=&#8220;180&#8243; margin_top=&#8220;20&#8243;]DAS TEAM[\/mk_button_gradient][\/vc_column_inner][vc_column_inner width=&#8220;1\/3&#8243;][mk_button_gradient dimension=&#8220;flat&#8220; size=&#8220;large&#8220; grandient_color_from=&#8220;#99ca3b&#8220; grandient_color_to=&#8220;#578425&#8243; grandient_color_angle=&#8220;horizontal&#8220; grandient_color_fallback=&#8220;#789e2d&#8220; url=&#8220;https:\/\/www.luco.at\/WP\/about-us\/mission-leitbild\/&#8220; align=&#8220;center&#8220; button_custom_width=&#8220;180&#8243; margin_top=&#8220;20&#8243;]UNSERE MISSION[\/mk_button_gradient][\/vc_column_inner][vc_column_inner width=&#8220;1\/3&#8243;][mk_button_gradient dimension=&#8220;flat&#8220; size=&#8220;large&#8220; grandient_color_from=&#8220;#99ca3b&#8220; grandient_color_to=&#8220;#578425&#8243; grandient_color_angle=&#8220;horizontal&#8220; grandient_color_fallback=&#8220;#789e2d&#8220; url=&#8220;https:\/\/www.luco.at\/WP\/about-us\/mission-leitbild\/&#8220; align=&#8220;center&#8220; button_custom_width=&#8220;180&#8243; margin_top=&#8220;20&#8243;]UNSER LEITBILD[\/mk_button_gradient][\/vc_column_inner][\/vc_row_inner][mk_padding_divider size=&#8220;20&#8243;][\/vc_column][\/vc_row][mk_page_section bg_color=&#8220;#578425&#8243; top_shape_color=&#8220;#ffffff&#8220; bottom_shape_color=&#8220;#ffffff&#8220; sidebar=&#8220;sidebar-1&#8243;][vc_column][mk_padding_divider][mk_fancy_title tag_name=&#8220;h3&#8243; color=&#8220;#f9f9f9&#8243; size=&#8220;50&#8243; force_font_size=&#8220;true&#8220; size_smallscreen=&#8220;40&#8243; size_tablet=&#8220;30&#8243; size_phone=&#8220;24&#8243; line_height=&#8220;80&#8243; font_weight=&#8220;300&#8243; txt_transform=&#8220;capitalize&#8220; margin_bottom=&#8220;0&#8243; font_family=&#8220;Lato&#8220; font_type=&#8220;google&#8220; align=&#8220;center&#8220;]Unsere Leistungen[\/mk_fancy_title][mk_padding_divider][vc_row_inner][vc_column_inner width=&#8220;1\/3&#8243;][mk_icon_box icon=&#8220;mk-moon-bubble-13&#8243; title=&#8220;BERATUNG&#8220; text_size=&#8220;20&#8243; font_weight=&#8220;400&#8243; read_more_txt=&#8220;Mehr&#8220; read_more_url=&#8220;https:\/\/luco.at\/WP\/consulting\/&#8220; style=&#8220;boxed&#8220; icon_location=&#8220;top&#8220; icon_color=&#8220;#f9f9f9&#8243; icon_circle_color=&#8220;#000000&#8243; title_color=&#8220;#578425&#8243; txt_color=&#8220;#000000&#8243; txt_link_color=&#8220;#578425&#8243;]Wir setzen uns mit\u00a0den\u00a0Bed\u00fcrfnissen\u00a0unserer Kunden von Anfang an intensiv\u00a0auseinander\u00a0und\u00a0entwickeln gemeinsam ma\u00dfgeschneiderte\u00a0und kostenoptimierte L\u00f6sungen.[\/mk_icon_box][\/vc_column_inner][vc_column_inner width=&#8220;1\/3&#8243;][mk_icon_box icon=&#8220;mk-icon-pencil-square-o&#8220; title=&#8220;PLANUNG&#8220; text_size=&#8220;20&#8243; font_weight=&#8220;400&#8243; read_more_txt=&#8220;Mehr&#8220; read_more_url=&#8220;https:\/\/luco.at\/WP\/planning\/&#8220; style=&#8220;boxed&#8220; icon_location=&#8220;top&#8220; icon_color=&#8220;#f9f9f9&#8243; icon_circle_color=&#8220;#000000&#8243; title_color=&#8220;#578425&#8243; txt_color=&#8220;#000000&#8243; txt_link_color=&#8220;#578425&#8243;]Wir gehen auf die Gesch\u00e4ftsmodelle unserer Kunden ein und k\u00f6nnen so Konzepte erstellen, welche bis ins kleinste Detail geplant sind. Neue Strategien ben\u00f6tigen neben Kreativit\u00e4t, Leidenschaft und Visionen eine Erdung: Sie m\u00fcssen genauestens geplant und wirtschaftlich ausgelegt werden.[\/mk_icon_box][\/vc_column_inner][vc_column_inner width=&#8220;1\/3&#8243;][mk_icon_box icon=&#8220;mk-moon-wrench-3&#8243; title=&#8220;UMSETZUNG&#8220; text_size=&#8220;20&#8243; font_weight=&#8220;400&#8243; read_more_txt=&#8220;Mehr&#8220; read_more_url=&#8220;https:\/\/luco.at\/WP\/umsetzung\/&#8220; style=&#8220;boxed&#8220; icon_location=&#8220;top&#8220; icon_color=&#8220;#f9f9f9&#8243; icon_circle_color=&#8220;#000000&#8243; title_color=&#8220;#578425&#8243; txt_color=&#8220;#000000&#8243; txt_link_color=&#8220;#578425&#8243;]Unser umfassendes Fachwissen und unsere jahrelange Erfahrung bringen unseren Kunden einen klaren Wettbewerbsvorteil.<\/p>\n<p><span style=\"color: #ffffff;\">.<\/span><\/p>\n<p><span style=\"color: #ffffff;\">.<\/span><\/p>\n<p><span style=\"color: #ffffff;\">.<\/span><\/p>\n<p><span style=\"color: #ffffff;\">.<\/span><\/p>\n<p><span style=\"color: #ffffff;\">.<\/span>[\/mk_icon_box][\/vc_column_inner][\/vc_row_inner][\/vc_column][\/mk_page_section][mk_page_section padding_top=&#8220;70&#8243; padding_bottom=&#8220;70&#8243; sidebar=&#8220;sidebar-1&#8243;][vc_column][vc_custom_heading text=&#8220;AUTOMATISIERUNG &amp; LOGISTIK&#8220; font_container=&#8220;tag:p|font_size:20|text_align:center|color:%23789e2d|line_height:1.26&#8243; google_fonts=&#8220;font_family:Roboto%3A100%2C100italic%2C300%2C300italic%2Cregular%2Citalic%2C500%2C500italic%2C700%2C700italic%2C900%2C900italic|font_style:300%20light%20regular%3A300%3Anormal&#8220;][mk_fancy_title color=&#8220;#282828&#8243; size=&#8220;50&#8243; force_font_size=&#8220;true&#8220; size_smallscreen=&#8220;40&#8243; size_tablet=&#8220;30&#8243; size_phone=&#8220;24&#8243; font_weight=&#8220;300&#8243; txt_transform=&#8220;none&#8220; margin_bottom=&#8220;40&#8243; font_family=&#8220;Lato&#8220; font_type=&#8220;google&#8220; align=&#8220;center&#8220;]Branchen, in denen wir arbeiten[\/mk_fancy_title][vc_row_inner][vc_column_inner width=&#8220;1\/3&#8243;][mk_image src=&#8220;https:\/\/www.luco.at\/WP\/wp-content\/uploads\/2016\/03\/x_industries_01_.jpg&#8220; image_size=&#8220;full&#8220; svg=&#8220;true&#8220; align=&#8220;center&#8220;][mk_padding_divider size=&#8220;20&#8243;][vc_custom_heading text=&#8220;LEBENSMITTELHANDEL&#8220; font_container=&#8220;tag:p|font_size:20|text_align:center|color:%23789e2d|line_height:1.26&#8243; google_fonts=&#8220;font_family:Roboto%3A100%2C100italic%2C300%2C300italic%2Cregular%2Citalic%2C500%2C500italic%2C700%2C700italic%2C900%2C900italic|font_style:300%20light%20regular%3A300%3Anormal&#8220;][\/vc_column_inner][vc_column_inner width=&#8220;1\/3&#8243;][mk_image src=&#8220;https:\/\/pv.paulgilmore.net\/wp-content\/uploads\/2016\/03\/x_industries_02.jpg&#8220; image_size=&#8220;full&#8220; svg=&#8220;true&#8220; align=&#8220;center&#8220;][mk_padding_divider size=&#8220;20&#8243;][vc_custom_heading text=&#8220;LEBENSMITTELPRODUKTION&#8220; font_container=&#8220;tag:p|font_size:20|text_align:center|color:%23789e2d|line_height:1.26&#8243; google_fonts=&#8220;font_family:Roboto%3A100%2C100italic%2C300%2C300italic%2Cregular%2Citalic%2C500%2C500italic%2C700%2C700italic%2C900%2C900italic|font_style:300%20light%20regular%3A300%3Anormal&#8220;][\/vc_column_inner][vc_column_inner width=&#8220;1\/3&#8243;][mk_image src=&#8220;https:\/\/www.luco.at\/WP\/wp-content\/uploads\/2016\/03\/x_industries_03_.jpg&#8220; image_size=&#8220;full&#8220; svg=&#8220;true&#8220; align=&#8220;center&#8220;][mk_padding_divider size=&#8220;20&#8243;][vc_custom_heading text=&#8220;AUTOMATISIERUNG &amp; LOGISTIK&#8220; font_container=&#8220;tag:p|font_size:20|text_align:center|color:%23789e2d|line_height:1.26&#8243; google_fonts=&#8220;font_family:Roboto%3A100%2C100italic%2C300%2C300italic%2Cregular%2Citalic%2C500%2C500italic%2C700%2C700italic%2C900%2C900italic|font_style:300%20light%20regular%3A300%3Anormal&#8220;][\/vc_column_inner][\/vc_row_inner][\/vc_column][\/mk_page_section][vc_row fullwidth=&#8220;true&#8220;][vc_column][mk_divider style=&#8220;thin_solid&#8220; thin_color_style=&#8220;gradient_color&#8220; thin_grandient_color_from=&#8220;#99ca3b&#8220; thin_grandient_color_to=&#8220;#578425&#8243; thin_gradient_color_angle=&#8220;horizontal&#8220; thin_grandient_color_fallback=&#8220;#789e2d&#8220; thickness=&#8220;10&#8243; margin_top=&#8220;0&#8243; margin_bottom=&#8220;0&#8243;][\/vc_column][\/vc_row][mk_page_section bg_image=&#8220;http:\/\/pv.paulgilmore.net\/wp-content\/uploads\/2016\/03\/client_background.jpg&#8220; bg_repeat=&#8220;no-repeat&#8220; bg_stretch=&#8220;true&#8220; enable_3d=&#8220;true&#8220; bg_gradient=&#8220;horizontal&#8220; video_color_mask=&#8220;#ffffff&#8220; gr_end=&#8220;#f2f2f2&#8243; video_opacity=&#8220;0.7&#8243; min_height=&#8220;600&#8243; js_vertical_centered=&#8220;true&#8220; padding_top=&#8220;0&#8243; padding_bottom=&#8220;0&#8243; top_shape_color=&#8220;#ffffff&#8220; bottom_shape_color=&#8220;#ffffff&#8220; sidebar=&#8220;sidebar-1&#8243;][vc_column][mk_fancy_title tag_name=&#8220;h1&#8243; color=&#8220;#789e2d&#8220; size=&#8220;60&#8243; force_font_size=&#8220;true&#8220; size_smallscreen=&#8220;50&#8243; size_tablet=&#8220;40&#8243; size_phone=&#8220;30&#8243; font_weight=&#8220;300&#8243; txt_transform=&#8220;none&#8220; letter_spacing=&#8220;2&#8243; font_family=&#8220;Lato&#8220; font_type=&#8220;google&#8220; align=&#8220;center&#8220;]Unsere Kunden[\/mk_fancy_title][mk_clients style=&#8220;column&#8220; border_style=&#8220;opened_edges&#8220; column=&#8220;6&#8243; count=&#8220;-1&#8243; orderby=&#8220;id&#8220; height=&#8220;120&#8243; autoplay=&#8220;false&#8220; margin_bottom=&#8220;0&#8243;][\/vc_column][\/mk_page_section][mk_page_section bg_image=&#8220;https:\/\/www.luco.at\/WP\/wp-content\/uploads\/2023\/08\/7b9a1331.jpg&#8220; bg_color=&#8220;#28195f&#8220; blend_mode=&#8220;multiply&#8220; bg_position=&#8220;center top&#8220; bg_repeat=&#8220;no-repeat&#8220; bg_stretch=&#8220;true&#8220; enable_3d=&#8220;true&#8220; video_opacity=&#8220;0.7&#8243; min_height=&#8220;700&#8243; full_width=&#8220;true&#8220; padding_top=&#8220;80&#8243; padding_bottom=&#8220;100&#8243; top_shape_color=&#8220;#ffffff&#8220; bottom_shape_color=&#8220;#ffffff&#8220; sidebar=&#8220;sidebar-1&#8243;][vc_column][mk_fancy_title color=&#8220;#ffffff&#8220; size=&#8220;60&#8243; force_font_size=&#8220;true&#8220; size_smallscreen=&#8220;40&#8243; size_tablet=&#8220;30&#8243; size_phone=&#8220;24&#8243; font_weight=&#8220;100&#8243; txt_transform=&#8220;none&#8220; font_family=&#8220;none&#8220; align=&#8220;center&#8220;]Kontaktieren Sie uns[\/mk_fancy_title][vc_column_text disable_pattern=&#8220;false&#8220; align=&#8220;center&#8220;]Innovative L\u00f6sungen f\u00fcr Ihr Unternehmen[\/vc_column_text][mk_button_gradient dimension=&#8220;flat&#8220; size=&#8220;large&#8220; corner_style=&#8220;full_rounded&#8220; grandient_color_from=&#8220;#99ca3b&#8220; grandient_color_to=&#8220;#578425&#8243; grandient_color_angle=&#8220;horizontal&#8220; grandient_color_fallback=&#8220;#789e2d&#8220; url=&#8220;https:\/\/luco.at\/WP\/contact-us\/&#8220; align=&#8220;center&#8220; button_custom_width=&#8220;220&#8243; margin_top=&#8220;60&#8243; margin_bottom=&#8220;30&#8243;]IN KONTAKT TRETEN[\/mk_button_gradient][\/vc_column][\/mk_page_section]\n<\/div>","protected":false},"excerpt":{"rendered":"<p>[vc_row fullwidth=&#8220;true&#8220;][vc_column][mk_edge_slider first_el=&#8220;true&#8220; swiper_bg=&#8220;#000000&#8243; parallax=&#8220;true&#8220; orderby=&#8220;post__in&#8220; animation_effect=&#8220;zoom&#8220; direction_nav=&#8220;slit&#8220; pagination=&#8220;none&#8220; slides=&#8220;465, 467, 469&#8243;][\/vc_column][\/vc_row][vc_row fullwidth=&#8220;true&#8220;][vc_column][mk_divider style=&#8220;thin_solid&#8220; thin_color_style=&#8220;gradient_color&#8220; thin_grandient_color_from=&#8220;#99ca3b&#8220; thin_grandient_color_to=&#8220;#578425&#8243; thin_gradient_color_angle=&#8220;horizontal&#8220; thin_grandient_color_fallback=&#8220;#789e2d&#8220; thickness=&#8220;10&#8243; margin_top=&#8220;0&#8243; margin_bottom=&#8220;0&#8243;][\/vc_column][\/vc_row][vc_row fullwidth=&#8220;true&#8220; attached=&#8220;true&#8220; visibility=&#8220;visible-dt&#8220;][vc_column width=&#8220;1\/2&#8243;][mk_image src=&#8220;https:\/\/www.luco.at\/WP\/wp-content\/uploads\/2025\/06\/luco-team.jpg&#8220; image_size=&#8220;full&#8220; frame_style=&#8220;single_line&#8220; align=&#8220;center&#8220; margin_bottom=&#8220;0&#8243;][\/vc_column][vc_column width=&#8220;1\/2&#8243; css=&#8220;.vc_custom_1477408811951{padding-top: 30px !important;padding-right: 30px !important;padding-bottom: 30px !important;padding-left: 30px !important;}&#8220;][mk_padding_divider size=&#8220;30&#8243;][mk_fancy_title tag_name=&#8220;h3&#8243; color=&#8220;#578425&#8243; size=&#8220;45&#8243; force_font_size=&#8220;true&#8220; size_smallscreen=&#8220;40&#8243; size_tablet=&#8220;30&#8243; size_phone=&#8220;24&#8243; line_height=&#8220;80&#8243; font_weight=&#8220;300&#8243; txt_transform=&#8220;capitalize&#8220; font_family=&#8220;Lato&#8220; font_type=&#8220;google&#8220;]LukullusConsult GmbH[\/mk_fancy_title][vc_custom_heading [&hellip;]<\/p>\n","protected":false},"author":1,"featured_media":0,"parent":0,"menu_order":0,"comment_status":"closed","ping_status":"closed","template":"","meta":{"footnotes":""},"_links":{"self":[{"href":"https:\/\/www.luco.at\/WP\/wp-json\/wp\/v2\/pages\/254"}],"collection":[{"href":"https:\/\/www.luco.at\/WP\/wp-json\/wp\/v2\/pages"}],"about":[{"href":"https:\/\/www.luco.at\/WP\/wp-json\/wp\/v2\/types\/page"}],"author":[{"embeddable":true,"href":"https:\/\/www.luco.at\/WP\/wp-json\/wp\/v2\/users\/1"}],"replies":[{"embeddable":true,"href":"https:\/\/www.luco.at\/WP\/wp-json\/wp\/v2\/comments?post=254"}],"version-history":[{"count":84,"href":"https:\/\/www.luco.at\/WP\/wp-json\/wp\/v2\/pages\/254\/revisions"}],"predecessor-version":[{"id":2133,"href":"https:\/\/www.luco.at\/WP\/wp-json\/wp\/v2\/pages\/254\/revisions\/2133"}],"wp:attachment":[{"href":"https:\/\/www.luco.at\/WP\/wp-json\/wp\/v2\/media?parent=254"}],"curies":[{"name":"wp","href":"https:\/\/api.w.org\/{rel}","templated":true}]}}