{"id":1426,"date":"2018-08-06T16:00:17","date_gmt":"2018-08-06T14:00:17","guid":{"rendered":"http:\/\/www.luco.at\/WP\/?page_id=1426"},"modified":"2020-08-28T08:57:36","modified_gmt":"2020-08-28T06:57:36","slug":"impessum","status":"publish","type":"page","link":"https:\/\/www.luco.at\/WP\/impessum\/","title":{"rendered":"Impressum"},"content":{"rendered":"<div class=\"wpb-content-wrapper\">[mk_page_section bg_image=&#8220;https:\/\/luco.at\/WP\/wp-content\/uploads\/2016\/03\/x_53.jpg&#8220; bg_position=&#8220;center top&#8220; bg_repeat=&#8220;no-repeat&#8220; bg_stretch=&#8220;true&#8220; enable_3d=&#8220;true&#8220; bg_gradient=&#8220;vertical&#8220; video_color_mask=&#8220;#2a363b&#8220; gr_end=&#8220;#2e2a3b&#8220; video_opacity=&#8220;0.7&#8243; min_height=&#8220;500&#8243; js_vertical_centered=&#8220;true&#8220; padding_top=&#8220;0&#8243; sidebar=&#8220;sidebar-1&#8243;][vc_column][mk_fancy_title tag_name=&#8220;h1&#8243; color=&#8220;#ffffff&#8220; size=&#8220;60&#8243; force_font_size=&#8220;true&#8220; size_tablet=&#8220;40&#8243; size_phone=&#8220;30&#8243; font_weight=&#8220;300&#8243; letter_spacing=&#8220;2&#8243; font_family=&#8220;Lato&#8220; font_type=&#8220;google&#8220; align=&#8220;center&#8220;]IMPRESSUM.[\/mk_fancy_title][\/vc_column][\/mk_page_section][vc_row fullwidth=&#8220;true&#8220;][vc_column][mk_divider style=&#8220;thin_solid&#8220; thin_color_style=&#8220;gradient_color&#8220; thin_grandient_color_from=&#8220;#99ca3b&#8220; thin_grandient_color_to=&#8220;#578425&#8243; thin_gradient_color_angle=&#8220;horizontal&#8220; thin_grandient_color_fallback=&#8220;#789e2d&#8220; thickness=&#8220;10&#8243; margin_top=&#8220;0&#8243; margin_bottom=&#8220;80&#8243;][\/vc_column][\/vc_row][vc_row][vc_column][vc_column_text]Informationspflicht laut \u00a75 E-Commerce Gesetz, \u00a714 Unternehmensgesetzbuch, \u00a763 Gewerbeordnung und Offenlegungspflicht laut \u00a725 Mediengesetz.<\/p>\n<p>LukullusConsult GmbH<br \/>\nInnsbrucker Stra\u00dfe 77,<br \/>\n6060 Hall in Tirol,<br \/>\n\u00d6sterreich<\/p>\n<p><strong>Unternehmensgegenstand:<\/strong>\u00a0Consulting<br \/>\n<strong>UID-Nummer:<\/strong>\u00a0ATU68584436<br \/>\n<strong>Firmenbuchnummer:<\/strong>\u00a0412528i<br \/>\n<strong>Firmenbuchgericht:<\/strong>\u00a0Innsbruck<br \/>\n<strong>Firmensitz:<\/strong>\u00a0Hall in Tirol<\/p>\n<p><strong>Tel.:<\/strong>\u00a005223 429 58<br \/>\n<strong>E-Mail:<\/strong>\u00a0<a href=\"mailto:info@luco.at\">info@luco.at<\/a><\/p>\n<p><strong>Verleihungsstaat:<\/strong>\u00a0\u00d6sterreich<\/p>\n<p><strong>Gesch\u00e4ftsf\u00fchrer<\/strong><br \/>\nAndreas Pfattner<\/p>\n<p>Quelle: Erstellt\u00a0mit dem\u00a0<a href=\"https:\/\/www.firmenwebseiten.at\/impressum-generator\/\" target=\"_blank\" rel=\"noopener\" data-saferedirecturl=\"https:\/\/www.google.com\/url?q=https:\/\/www.firmenwebseiten.at\/impressum-generator\/&amp;source=gmail&amp;ust=1533649047089000&amp;usg=AFQjCNEYJWItbGqhhhRkm0N0g4EgsZBR5g\">Impressum Generator von firmenwebseiten.at<\/a>\u00a0in Kooperation mit\u00a0<a href=\"https:\/\/www.liebefamilie.at\/\" target=\"_blank\" rel=\"noopener\" data-saferedirecturl=\"https:\/\/www.google.com\/url?q=https:\/\/www.liebefamilie.at\/&amp;source=gmail&amp;ust=1533649047089000&amp;usg=AFQjCNHoYlwRdeSCcI4Fh_scT35htHu0uA\">liebefamilie.at<\/a>[\/vc_column_text][\/vc_column][\/vc_row][vc_row][vc_column][mk_divider style=&#8220;thin_solid&#8220; thin_color_style=&#8220;gradient_color&#8220; thin_grandient_color_from=&#8220;#99ca3b&#8220; thin_grandient_color_to=&#8220;#578425&#8243; thin_gradient_color_angle=&#8220;horizontal&#8220; thin_grandient_color_fallback=&#8220;#789e2d&#8220; margin_top=&#8220;40&#8243; margin_bottom=&#8220;40&#8243;][\/vc_column][\/vc_row][vc_row][vc_column][mk_fancy_title color=&#8220;#789e2d&#8220; size=&#8220;40&#8243; force_font_size=&#8220;true&#8220; size_smallscreen=&#8220;40&#8243; size_tablet=&#8220;30&#8243; size_phone=&#8220;24&#8243; line_height=&#8220;120&#8243; font_weight=&#8220;300&#8243; txt_transform=&#8220;none&#8220; letter_spacing=&#8220;2&#8243; font_family=&#8220;Lato&#8220; font_type=&#8220;google&#8220;]EU-Streitschlichtung[\/mk_fancy_title][vc_column_text]Gem\u00e4\u00df Verordnung \u00fcber Online-Streitbeilegung in Verbraucherangelegenheiten (ODR-Verordnung) m\u00f6chten wir Sie \u00fcber die Online-Streitbeilegungsplattform (OS-Plattform) informieren.<br \/>\nVerbraucher haben die M\u00f6glichkeit, Beschwerden an die Online Streitbeilegungsplattform der Europ\u00e4ischen Kommission unter\u00a0<a href=\"https:\/\/ec.europa.eu\/consumers\/odr\/main\/index.cfm?event=main.home2.show&amp;lng=DE\" target=\"_blank\" rel=\"noopener\" data-saferedirecturl=\"https:\/\/www.google.com\/url?q=https:\/\/ec.europa.eu\/consumers\/odr\/main\/index.cfm?event%3Dmain.home2.show%26lng%3DDE&amp;source=gmail&amp;ust=1533649047089000&amp;usg=AFQjCNGYEzWiqlihj9PkMnFAET5RfeQ09A\">http:\/\/ec.europa.eu\/odr<\/a>\u00a0zu richten. Die daf\u00fcr notwendigen Kontaktdaten finden Sie oberhalb in unserem Impressum.<\/p>\n<p>Wir m\u00f6chten Sie jedoch darauf hinweisen, dass wir nicht bereit oder verpflichtet sind, an Streitbeilegungsverfahren vor einer Verbraucherschlichtungsstelle teilzunehmen.[\/vc_column_text][mk_padding_divider size=&#8220;24&#8243;][\/vc_column][\/vc_row][vc_row][vc_column][mk_fancy_title color=&#8220;#789e2d&#8220; size=&#8220;40&#8243; force_font_size=&#8220;true&#8220; size_smallscreen=&#8220;40&#8243; size_tablet=&#8220;30&#8243; size_phone=&#8220;24&#8243; line_height=&#8220;120&#8243; font_weight=&#8220;300&#8243; txt_transform=&#8220;none&#8220; letter_spacing=&#8220;2&#8243; font_family=&#8220;Lato&#8220; font_type=&#8220;google&#8220;]Haftung f\u00fcr Inhalte dieser Webseite[\/mk_fancy_title][vc_column_text]Wir entwickeln die Inhalte dieser Webseite st\u00e4ndig weiter und bem\u00fchen uns korrekte und aktuelle Informationen bereitzustellen. Leider k\u00f6nnen wir keine Haftung f\u00fcr die Korrektheit aller Inhalte auf dieser Webseite \u00fcbernehmen, speziell f\u00fcr jene die seitens Dritter bereitgestellt wurden.<\/p>\n<p>Sollten Ihnen problematische oder rechtswidrige Inhalte auffallen, bitte wir Sie uns umgehend zu kontaktieren, Sie finden die Kontaktdaten im Impressum.[\/vc_column_text][mk_padding_divider size=&#8220;24&#8243;][\/vc_column][\/vc_row][vc_row][vc_column][mk_fancy_title color=&#8220;#789e2d&#8220; size=&#8220;40&#8243; force_font_size=&#8220;true&#8220; size_smallscreen=&#8220;40&#8243; size_tablet=&#8220;30&#8243; size_phone=&#8220;24&#8243; line_height=&#8220;120&#8243; font_weight=&#8220;300&#8243; txt_transform=&#8220;none&#8220; letter_spacing=&#8220;2&#8243; font_family=&#8220;Lato&#8220; font_type=&#8220;google&#8220;]Haftung f\u00fcr Links auf dieser Webseite[\/mk_fancy_title][vc_column_text]Unsere Webseite enth\u00e4lt Links zu anderen Webseiten f\u00fcr deren Inhalt wir nicht verantwortlich sind. Haftung f\u00fcr verlinkte Websites besteht laut\u00a0<a href=\"https:\/\/www.ris.bka.gv.at\/Dokument.wxe?Abfrage=Bundesnormen&amp;Dokumentnummer=NOR40025813&amp;tid=221069341\" target=\"_blank\" rel=\"noopener\" data-saferedirecturl=\"https:\/\/www.google.com\/url?q=https:\/\/www.ris.bka.gv.at\/Dokument.wxe?Abfrage%3DBundesnormen%26Dokumentnummer%3DNOR40025813%26tid%3D221069341&amp;source=gmail&amp;ust=1533649047089000&amp;usg=AFQjCNErr3HePcaEyApA37mtiLZq5gn_sQ\">\u00a7 17 ECG<\/a>\u00a0f\u00fcr uns nicht, da wir keine Kenntnis rechtswidriger T\u00e4tigkeiten hatten und haben, uns solche Rechtswidrigkeiten auch bisher nicht aufgefallen sind und wir Links sofort entfernen w\u00fcrden, wenn uns Rechtswidrigkeiten bekannt werden.<\/p>\n<p>Wenn Ihnen rechtswidrige Links auf unserer Website auffallen, bitte wir Sie uns zu kontaktieren, Sie finden die Kontaktdaten im Impressum.[\/vc_column_text][mk_padding_divider size=&#8220;24&#8243;][\/vc_column][\/vc_row][vc_row][vc_column][mk_fancy_title color=&#8220;#789e2d&#8220; size=&#8220;40&#8243; force_font_size=&#8220;true&#8220; size_smallscreen=&#8220;40&#8243; size_tablet=&#8220;30&#8243; size_phone=&#8220;24&#8243; line_height=&#8220;120&#8243; font_weight=&#8220;300&#8243; txt_transform=&#8220;none&#8220; letter_spacing=&#8220;2&#8243; font_family=&#8220;Lato&#8220; font_type=&#8220;google&#8220;]Urheberrechtshinweis[\/mk_fancy_title][vc_column_text]Alle Inhalte dieser Webseite (Bilder, Fotos, Texte, Videos) unterliegen dem Urheberrecht. Falls notwendig, werden wir die unerlaubte Nutzung von Teilen der Inhalte unserer Seite rechtlich verfolgen.[\/vc_column_text][mk_padding_divider size=&#8220;24&#8243;][\/vc_column][\/vc_row][vc_row][vc_column][mk_fancy_title color=&#8220;#789e2d&#8220; size=&#8220;40&#8243; force_font_size=&#8220;true&#8220; size_smallscreen=&#8220;40&#8243; size_tablet=&#8220;30&#8243; size_phone=&#8220;24&#8243; line_height=&#8220;120&#8243; font_weight=&#8220;300&#8243; txt_transform=&#8220;none&#8220; letter_spacing=&#8220;2&#8243; font_family=&#8220;Lato&#8220; font_type=&#8220;google&#8220;]Bildernachweis[\/mk_fancy_title][vc_column_text]Die Bilder, Fotos und Grafiken auf dieser Webseite sind urheberrechtlich gesch\u00fctzt.<\/p>\n<p>Die Bilderrechte liegen bei den folgenden Fotografen und Unternehmen:<\/p>\n<ul>\n<li>Harry Voglhuber<\/li>\n<\/ul>\n[\/vc_column_text][mk_padding_divider size=&#8220;24&#8243;][\/vc_column][\/vc_row][vc_row][vc_column][mk_divider style=&#8220;thin_solid&#8220; thin_color_style=&#8220;gradient_color&#8220; thin_grandient_color_from=&#8220;#99ca3b&#8220; thin_grandient_color_to=&#8220;#578425&#8243; thin_gradient_color_angle=&#8220;horizontal&#8220; thin_grandient_color_fallback=&#8220;#789e2d&#8220; margin_top=&#8220;40&#8243; margin_bottom=&#8220;40&#8243;][\/vc_column][\/vc_row][vc_row][vc_column][mk_fancy_title tag_name=&#8220;h1&#8243; color=&#8220;#789e2d&#8220; size=&#8220;60&#8243; force_font_size=&#8220;true&#8220; size_smallscreen=&#8220;40&#8243; size_tablet=&#8220;30&#8243; size_phone=&#8220;24&#8243; line_height=&#8220;120&#8243; font_weight=&#8220;300&#8243; txt_transform=&#8220;none&#8220; letter_spacing=&#8220;2&#8243; margin_bottom=&#8220;0&#8243; font_family=&#8220;Lato&#8220; font_type=&#8220;google&#8220;]Datenschutzerkl\u00e4rung[\/mk_fancy_title][mk_fancy_title tag_name=&#8220;h1&#8243; color=&#8220;#789e2d&#8220; size=&#8220;40&#8243; force_font_size=&#8220;true&#8220; size_smallscreen=&#8220;40&#8243; size_tablet=&#8220;30&#8243; size_phone=&#8220;24&#8243; line_height=&#8220;120&#8243; font_weight=&#8220;300&#8243; txt_transform=&#8220;none&#8220; letter_spacing=&#8220;2&#8243; font_family=&#8220;Lato&#8220; font_type=&#8220;google&#8220;]Datenschutz[\/mk_fancy_title][vc_column_text]Wir haben diese Datenschutzerkl\u00e4rung (Fassung 02.08.2018-221069341) verfasst, um Ihnen gem\u00e4\u00df der Vorgaben der Datenschutz-Grundverordnung (EU) 2016\/679 und dem\u00a0<a href=\"https:\/\/www.ris.bka.gv.at\/GeltendeFassung.wxe?Abfrage=Bundesnormen&amp;Gesetzesnummer=10001597&amp;tid=221069341\" target=\"_blank\" rel=\"noopener\" data-saferedirecturl=\"https:\/\/www.google.com\/url?q=https:\/\/www.ris.bka.gv.at\/GeltendeFassung.wxe?Abfrage%3DBundesnormen%26Gesetzesnummer%3D10001597%26tid%3D221069341&amp;source=gmail&amp;ust=1533649047089000&amp;usg=AFQjCNHq7eB7AzDHBblNIdmkKjjE2FbiCw\">Datenschutzgesetz (DSG)<\/a>\u00a0zu erkl\u00e4ren, welche Informationen wir sammeln, wie wir Daten verwenden und welche Entscheidungsm\u00f6glichkeiten Sie als Besucher dieser Webseite haben.<\/p>\n<p>Leider liegt es in der Natur der Sache, dass diese Erkl\u00e4rungen sehr technisch klingen, wir haben uns bei der Erstellung jedoch bem\u00fcht die wichtigsten Dinge so einfach und klar wie m\u00f6glich zu beschreiben.<\/p>\n<p>Quelle: Erstellt\u00a0mit dem\u00a0<a href=\"https:\/\/www.firmenwebseiten.at\/datenschutz-generator\/\" target=\"_blank\" rel=\"noopener\" data-saferedirecturl=\"https:\/\/www.google.com\/url?q=https:\/\/www.firmenwebseiten.at\/datenschutz-generator\/&amp;source=gmail&amp;ust=1533649047090000&amp;usg=AFQjCNGAcZITSl9GpL1kjr-osMPJPilBdQ\">Datenschutz Generator von firmenwebseiten.at<\/a>\u00a0in Kooperation mit\u00a0<a href=\"https:\/\/www.checkmallorca.de\/\" target=\"_blank\" rel=\"noopener\" data-saferedirecturl=\"https:\/\/www.google.com\/url?q=https:\/\/www.checkmallorca.de\/&amp;source=gmail&amp;ust=1533649047090000&amp;usg=AFQjCNE5tvUMMIS6o56BNONc4_bH_D12QQ\">checkmallorca.de<\/a>[\/vc_column_text][mk_padding_divider][\/vc_column][\/vc_row][vc_row fullwidth=&#8220;true&#8220;][vc_column][mk_divider style=&#8220;thin_solid&#8220; thin_color_style=&#8220;gradient_color&#8220; thin_grandient_color_from=&#8220;#99ca3b&#8220; thin_grandient_color_to=&#8220;#578425&#8243; thin_gradient_color_angle=&#8220;horizontal&#8220; thin_grandient_color_fallback=&#8220;#789e2d&#8220; thickness=&#8220;10&#8243; margin_top=&#8220;0&#8243; margin_bottom=&#8220;0&#8243;][\/vc_column][\/vc_row][mk_page_section bg_image=&#8220;https:\/\/luco.at\/WP\/wp-content\/uploads\/2016\/03\/luco_2282.jpg&#8220; bg_color=&#8220;#28195f&#8220; blend_mode=&#8220;multiply&#8220; bg_position=&#8220;center top&#8220; bg_repeat=&#8220;no-repeat&#8220; bg_stretch=&#8220;true&#8220; enable_3d=&#8220;true&#8220; video_loop=&#8220;false&#8220; video_opacity=&#8220;0.3&#8243; min_height=&#8220;700&#8243; full_width=&#8220;true&#8220; padding_top=&#8220;80&#8243; padding_bottom=&#8220;100&#8243; top_shape_color=&#8220;#ffffff&#8220; bottom_shape_color=&#8220;#ffffff&#8220; sidebar=&#8220;sidebar-1&#8243;][vc_column][mk_fancy_title color=&#8220;#ffffff&#8220; size=&#8220;60&#8243; force_font_size=&#8220;true&#8220; size_phone=&#8220;40&#8243; font_weight=&#8220;100&#8243; txt_transform=&#8220;none&#8220; margin_top=&#8220;&#8220; font_family=&#8220;none&#8220; align=&#8220;center&#8220;]Kontaktieren Sie uns[\/mk_fancy_title][vc_column_text disable_pattern=&#8220;false&#8220; align=&#8220;center&#8220;]Innovative L\u00f6sungen f\u00fcr Ihr Unternehmen[\/vc_column_text][mk_button_gradient dimension=&#8220;flat&#8220; size=&#8220;large&#8220; corner_style=&#8220;full_rounded&#8220; grandient_color_from=&#8220;#99ca3b&#8220; grandient_color_to=&#8220;#578425&#8243; grandient_color_angle=&#8220;horizontal&#8220; grandient_color_fallback=&#8220;#789e2d&#8220; url=&#8220;https:\/\/luco.at\/WP\/contact-us\/&#8220; align=&#8220;center&#8220; button_custom_width=&#8220;220&#8243; margin_top=&#8220;60&#8243; margin_bottom=&#8220;30&#8243;]IN KONTAKT TRETEN[\/mk_button_gradient][\/vc_column][\/mk_page_section]\n<\/div>","protected":false},"excerpt":{"rendered":"<p>[mk_page_section bg_image=&#8220;https:\/\/luco.at\/WP\/wp-content\/uploads\/2016\/03\/x_53.jpg&#8220; bg_position=&#8220;center top&#8220; bg_repeat=&#8220;no-repeat&#8220; bg_stretch=&#8220;true&#8220; enable_3d=&#8220;true&#8220; bg_gradient=&#8220;vertical&#8220; video_color_mask=&#8220;#2a363b&#8220; gr_end=&#8220;#2e2a3b&#8220; video_opacity=&#8220;0.7&#8243; min_height=&#8220;500&#8243; js_vertical_centered=&#8220;true&#8220; padding_top=&#8220;0&#8243; sidebar=&#8220;sidebar-1&#8243;][vc_column][mk_fancy_title tag_name=&#8220;h1&#8243; color=&#8220;#ffffff&#8220; size=&#8220;60&#8243; force_font_size=&#8220;true&#8220; size_tablet=&#8220;40&#8243; size_phone=&#8220;30&#8243; font_weight=&#8220;300&#8243; letter_spacing=&#8220;2&#8243; font_family=&#8220;Lato&#8220; font_type=&#8220;google&#8220; align=&#8220;center&#8220;]IMPRESSUM.[\/mk_fancy_title][\/vc_column][\/mk_page_section][vc_row fullwidth=&#8220;true&#8220;][vc_column][mk_divider style=&#8220;thin_solid&#8220; thin_color_style=&#8220;gradient_color&#8220; thin_grandient_color_from=&#8220;#99ca3b&#8220; thin_grandient_color_to=&#8220;#578425&#8243; thin_gradient_color_angle=&#8220;horizontal&#8220; thin_grandient_color_fallback=&#8220;#789e2d&#8220; thickness=&#8220;10&#8243; margin_top=&#8220;0&#8243; margin_bottom=&#8220;80&#8243;][\/vc_column][\/vc_row][vc_row][vc_column][vc_column_text]Informationspflicht laut \u00a75 E-Commerce Gesetz, \u00a714 Unternehmensgesetzbuch, \u00a763 Gewerbeordnung und Offenlegungspflicht laut \u00a725 Mediengesetz. LukullusConsult GmbH Innsbrucker Stra\u00dfe 77, 6060 [&hellip;]<\/p>\n","protected":false},"author":2,"featured_media":0,"parent":0,"menu_order":0,"comment_status":"closed","ping_status":"closed","template":"","meta":{"footnotes":""},"_links":{"self":[{"href":"https:\/\/www.luco.at\/WP\/wp-json\/wp\/v2\/pages\/1426"}],"collection":[{"href":"https:\/\/www.luco.at\/WP\/wp-json\/wp\/v2\/pages"}],"about":[{"href":"https:\/\/www.luco.at\/WP\/wp-json\/wp\/v2\/types\/page"}],"author":[{"embeddable":true,"href":"https:\/\/www.luco.at\/WP\/wp-json\/wp\/v2\/users\/2"}],"replies":[{"embeddable":true,"href":"https:\/\/www.luco.at\/WP\/wp-json\/wp\/v2\/comments?post=1426"}],"version-history":[{"count":10,"href":"https:\/\/www.luco.at\/WP\/wp-json\/wp\/v2\/pages\/1426\/revisions"}],"predecessor-version":[{"id":1712,"href":"https:\/\/www.luco.at\/WP\/wp-json\/wp\/v2\/pages\/1426\/revisions\/1712"}],"wp:attachment":[{"href":"https:\/\/www.luco.at\/WP\/wp-json\/wp\/v2\/media?parent=1426"}],"curies":[{"name":"wp","href":"https:\/\/api.w.org\/{rel}","templated":true}]}}